{"id":3592,"date":"2024-06-26T08:10:22","date_gmt":"2024-06-26T08:10:22","guid":{"rendered":"https:\/\/baleadesign.com\/produit\/baleak-bebe-negro\/"},"modified":"2025-02-19T17:12:07","modified_gmt":"2025-02-19T17:12:07","slug":"baleak-bebe-negro","status":"publish","type":"product","link":"https:\/\/baleadesign.com\/es\/produit\/baleak-bebe-negro\/","title":{"rendered":"Baleak Beb\u00e9 Negro"},"content":{"rendered":"<p><span style=\"font-weight: 400;\">Una serie de 4 miniaturas a escala 1\/10 basadas en las esculturas monumentales a tama\u00f1o natural creadas por Bruno Lehoux y Philippe Gray Lopez desde 1992.<\/span><\/p>\n<p><span style=\"font-weight: 400;\">Inspirada en los gr\u00e1ciles movimientos de los grandes cet\u00e1ceos, esta escultura forma parte de una serie que reproduce la secuencia de inmersi\u00f3n de una ballena jorobada, cuya aleta emerge majestuosamente de la superficie del oc\u00e9ano antes de regresar a la inmensidad del azul profundo.<\/span><\/p>\n<p><span style=\"font-weight: 400;\">Mesa escultura de aluminio fundido reciclado, termolacado en negro mate.<\/span><\/p>\n<p><span style=\"font-weight: 400;\">Una alternativa moderna para interiores urbanos o contempor\u00e1neos.<\/span><\/p>\n","protected":false},"excerpt":{"rendered":"<p><span style=\"font-weight: 400;\">Mesa escultura de fundici\u00f3n de aluminio reciclado termolacado negro mate.<\/span><\/p>\n","protected":false},"featured_media":2798,"template":"","meta":{"_acf_changed":false},"product_brand":[],"product_cat":[80,65],"product_tag":[],"class_list":{"0":"post-3592","1":"product","2":"type-product","3":"status-publish","4":"has-post-thumbnail","6":"product_cat-edicion-negra","7":"product_cat-esculturas-de-mesa","9":"first","10":"instock","11":"shipping-taxable","12":"purchasable","13":"product-type-simple"},"acf":[],"jetpack_sharing_enabled":true,"_links":{"self":[{"href":"https:\/\/baleadesign.com\/es\/wp-json\/wp\/v2\/product\/3592","targetHints":{"allow":["GET"]}}],"collection":[{"href":"https:\/\/baleadesign.com\/es\/wp-json\/wp\/v2\/product"}],"about":[{"href":"https:\/\/baleadesign.com\/es\/wp-json\/wp\/v2\/types\/product"}],"wp:featuredmedia":[{"embeddable":true,"href":"https:\/\/baleadesign.com\/es\/wp-json\/wp\/v2\/media\/2798"}],"wp:attachment":[{"href":"https:\/\/baleadesign.com\/es\/wp-json\/wp\/v2\/media?parent=3592"}],"wp:term":[{"taxonomy":"product_brand","embeddable":true,"href":"https:\/\/baleadesign.com\/es\/wp-json\/wp\/v2\/product_brand?post=3592"},{"taxonomy":"product_cat","embeddable":true,"href":"https:\/\/baleadesign.com\/es\/wp-json\/wp\/v2\/product_cat?post=3592"},{"taxonomy":"product_tag","embeddable":true,"href":"https:\/\/baleadesign.com\/es\/wp-json\/wp\/v2\/product_tag?post=3592"}],"curies":[{"name":"wp","href":"https:\/\/api.w.org\/{rel}","templated":true}]}}