{"id":3589,"date":"2024-10-15T14:51:19","date_gmt":"2024-10-15T14:51:19","guid":{"rendered":"https:\/\/baleadesign.com\/produit\/percha-de-aluminio-baleak\/"},"modified":"2025-02-19T17:12:24","modified_gmt":"2025-02-19T17:12:24","slug":"percha-de-aluminio-baleak","status":"publish","type":"product","link":"https:\/\/baleadesign.com\/es\/produit\/percha-de-aluminio-baleak\/","title":{"rendered":"Percha de aluminio Baleak"},"content":{"rendered":"<p>U<span style=\"font-weight: 400;\">na serie de 2 miniaturas funcionales inspiradas en las esculturas monumentales de tama\u00f1o natural creadas por Bruno Lehoux y Philippe Gray Lopez desde 1992 y que completan la serie de esculturas de mesa. Inspirada<\/span><span style=\"font-weight: 400;\">en los gr\u00e1ciles movimientos de los grandes cet\u00e1ceos, esta escultura de pared funcional encajar\u00e1 perfectamente en un recibidor, un cuarto de ba\u00f1o o un entorno de piscina para guardar ropa, toallas, albornoces, bolsos o sombreros<\/span>.<span style=\"font-weight: 400;\">Escultura depared de aluminio fundido reciclado barnizado.<\/span> Un brillo cromado cl\u00e1sico y atemporal.<\/p>\n","protected":false},"excerpt":{"rendered":"<p><span style=\"font-weight: 400;\">Gancho de pared de fundici\u00f3n de aluminio reciclado barnizado.<\/span><\/p>\n","protected":false},"featured_media":2874,"template":"","meta":{"_acf_changed":false},"product_brand":[],"product_cat":[79,76],"product_tag":[],"class_list":{"0":"post-3589","1":"product","2":"type-product","3":"status-publish","4":"has-post-thumbnail","6":"product_cat-aluminio-original","7":"product_cat-ganchos-para-abrigos","9":"first","10":"instock","11":"shipping-taxable","12":"purchasable","13":"product-type-simple"},"acf":[],"jetpack_sharing_enabled":true,"_links":{"self":[{"href":"https:\/\/baleadesign.com\/es\/wp-json\/wp\/v2\/product\/3589","targetHints":{"allow":["GET"]}}],"collection":[{"href":"https:\/\/baleadesign.com\/es\/wp-json\/wp\/v2\/product"}],"about":[{"href":"https:\/\/baleadesign.com\/es\/wp-json\/wp\/v2\/types\/product"}],"wp:featuredmedia":[{"embeddable":true,"href":"https:\/\/baleadesign.com\/es\/wp-json\/wp\/v2\/media\/2874"}],"wp:attachment":[{"href":"https:\/\/baleadesign.com\/es\/wp-json\/wp\/v2\/media?parent=3589"}],"wp:term":[{"taxonomy":"product_brand","embeddable":true,"href":"https:\/\/baleadesign.com\/es\/wp-json\/wp\/v2\/product_brand?post=3589"},{"taxonomy":"product_cat","embeddable":true,"href":"https:\/\/baleadesign.com\/es\/wp-json\/wp\/v2\/product_cat?post=3589"},{"taxonomy":"product_tag","embeddable":true,"href":"https:\/\/baleadesign.com\/es\/wp-json\/wp\/v2\/product_tag?post=3589"}],"curies":[{"name":"wp","href":"https:\/\/api.w.org\/{rel}","templated":true}]}}