{"id":3588,"date":"2024-10-15T13:04:16","date_gmt":"2024-10-15T13:04:16","guid":{"rendered":"https:\/\/baleadesign.com\/produit\/baleak-mini-clavija-negra\/"},"modified":"2025-02-19T17:13:02","modified_gmt":"2025-02-19T17:13:02","slug":"baleak-mini-clavija-negra","status":"publish","type":"product","link":"https:\/\/baleadesign.com\/es\/produit\/baleak-mini-clavija-negra\/","title":{"rendered":"Baleak Mini Clavija Negra"},"content":{"rendered":"<p><span style=\"font-weight: 400;\">Una serie de 2 miniaturas funcionales inspiradas en las esculturas monumentales de tama\u00f1o natural creadas por Bruno Lehoux y Philippe Gray Lopez desde 1992 y que completan la serie de esculturas de mesa.<\/span><\/p>\n<p><span style=\"font-weight: 400;\">Inspirada en los gr\u00e1ciles movimientos de los grandes cet\u00e1ceos, esta funcional escultura de pared encajar\u00e1 perfectamente en un recibidor, cuarto de ba\u00f1o o zona de piscina para guardar ropa, toallas, albornoces, bolsos o sombreros.<\/span><\/p>\n<p><span style=\"font-weight: 400;\">Escultura mural de fundici\u00f3n de aluminio reciclado termolacado negro mate.<\/span><\/p>\n<p><span style=\"font-weight: 400;\">Una alternativa moderna para interiores urbanos o contempor\u00e1neos.<\/span><\/p>\n","protected":false},"excerpt":{"rendered":"<p><span style=\"font-weight: 400;\">Escultura mural de fundici\u00f3n de aluminio reciclado termolacado negro mate.<\/span><\/p>\n","protected":false},"featured_media":2854,"template":"","meta":{"_acf_changed":false},"product_brand":[],"product_cat":[80,76],"product_tag":[],"class_list":{"0":"post-3588","1":"product","2":"type-product","3":"status-publish","4":"has-post-thumbnail","6":"product_cat-edicion-negra","7":"product_cat-ganchos-para-abrigos","9":"first","10":"instock","11":"shipping-taxable","12":"purchasable","13":"product-type-simple"},"acf":[],"jetpack_sharing_enabled":true,"_links":{"self":[{"href":"https:\/\/baleadesign.com\/es\/wp-json\/wp\/v2\/product\/3588","targetHints":{"allow":["GET"]}}],"collection":[{"href":"https:\/\/baleadesign.com\/es\/wp-json\/wp\/v2\/product"}],"about":[{"href":"https:\/\/baleadesign.com\/es\/wp-json\/wp\/v2\/types\/product"}],"wp:featuredmedia":[{"embeddable":true,"href":"https:\/\/baleadesign.com\/es\/wp-json\/wp\/v2\/media\/2854"}],"wp:attachment":[{"href":"https:\/\/baleadesign.com\/es\/wp-json\/wp\/v2\/media?parent=3588"}],"wp:term":[{"taxonomy":"product_brand","embeddable":true,"href":"https:\/\/baleadesign.com\/es\/wp-json\/wp\/v2\/product_brand?post=3588"},{"taxonomy":"product_cat","embeddable":true,"href":"https:\/\/baleadesign.com\/es\/wp-json\/wp\/v2\/product_cat?post=3588"},{"taxonomy":"product_tag","embeddable":true,"href":"https:\/\/baleadesign.com\/es\/wp-json\/wp\/v2\/product_tag?post=3588"}],"curies":[{"name":"wp","href":"https:\/\/api.w.org\/{rel}","templated":true}]}}