{"id":3575,"date":"2024-10-15T16:26:29","date_gmt":"2024-10-15T16:26:29","guid":{"rendered":"https:\/\/baleadesign.com\/produit\/baleak-clavija-oxido\/"},"modified":"2025-08-01T10:04:47","modified_gmt":"2025-08-01T10:04:47","slug":"baleak-clavija-oxido","status":"publish","type":"product","link":"https:\/\/baleadesign.com\/es\/produit\/baleak-clavija-oxido\/","title":{"rendered":"Baleak Clavija \u00d3xido"},"content":{"rendered":"<p><span style=\"font-weight: 400;\">Una serie de 2 miniaturas funcionales inspiradas en las esculturas monumentales de tama\u00f1o natural creadas por Bruno Lehoux y Philippe Gray Lopez desde 1992 y que completan la serie de esculturas de mesa.<\/span><\/p>\n<p><span style=\"font-weight: 400;\"><\/p>\n<p>Inspirada en los gr\u00e1ciles movimientos de los grandes cet\u00e1ceos, esta funcional escultura de pared encajar\u00e1 perfectamente en un recibidor, un cuarto de ba\u00f1o o un entorno junto a la piscina para guardar ropa, toallas, albornoces, bolsos o sombreros.<span style=\"font-weight: 400;\">Escultura de pared de aluminio fundido reciclado y termolacado <\/span>para que parezca acero corten oxidado texturizado. Una alternativa vintage para interiores con un aire natural o industrial que combina bien con la madera.<\/span><\/p>\n<p>&nbsp;<\/p>\n","protected":false},"excerpt":{"rendered":"<p><span style=\"font-weight: 400;\">Escultura mural de fundici\u00f3n de aluminio reciclado termolacado <\/span>que imita el acero corten oxidado texturado.<\/p>\n<p>&nbsp;<\/p>\n","protected":false},"featured_media":2862,"template":"","meta":{"_acf_changed":false},"product_brand":[],"product_cat":[72,76],"product_tag":[],"class_list":{"0":"post-3575","1":"product","2":"type-product","3":"status-publish","4":"has-post-thumbnail","6":"product_cat-edicion-oxido","7":"product_cat-ganchos-para-abrigos","9":"first","10":"instock","11":"shipping-taxable","12":"purchasable","13":"product-type-simple"},"acf":[],"jetpack_sharing_enabled":true,"_links":{"self":[{"href":"https:\/\/baleadesign.com\/es\/wp-json\/wp\/v2\/product\/3575","targetHints":{"allow":["GET"]}}],"collection":[{"href":"https:\/\/baleadesign.com\/es\/wp-json\/wp\/v2\/product"}],"about":[{"href":"https:\/\/baleadesign.com\/es\/wp-json\/wp\/v2\/types\/product"}],"wp:featuredmedia":[{"embeddable":true,"href":"https:\/\/baleadesign.com\/es\/wp-json\/wp\/v2\/media\/2862"}],"wp:attachment":[{"href":"https:\/\/baleadesign.com\/es\/wp-json\/wp\/v2\/media?parent=3575"}],"wp:term":[{"taxonomy":"product_brand","embeddable":true,"href":"https:\/\/baleadesign.com\/es\/wp-json\/wp\/v2\/product_brand?post=3575"},{"taxonomy":"product_cat","embeddable":true,"href":"https:\/\/baleadesign.com\/es\/wp-json\/wp\/v2\/product_cat?post=3575"},{"taxonomy":"product_tag","embeddable":true,"href":"https:\/\/baleadesign.com\/es\/wp-json\/wp\/v2\/product_tag?post=3575"}],"curies":[{"name":"wp","href":"https:\/\/api.w.org\/{rel}","templated":true}]}}