{"id":3570,"date":"2024-10-15T16:35:36","date_gmt":"2024-10-15T16:35:36","guid":{"rendered":"https:\/\/baleadesign.com\/produit\/baleak-003-oxido\/"},"modified":"2025-02-19T17:16:12","modified_gmt":"2025-02-19T17:16:12","slug":"baleak-003-oxido","status":"publish","type":"product","link":"https:\/\/baleadesign.com\/es\/produit\/baleak-003-oxido\/","title":{"rendered":"Baleak 003 \u00d3xido"},"content":{"rendered":"<p>U<span style=\"font-weight: 400;\">na serie de 4 miniaturas a escala 1\/10 que reproducen las esculturas monumentales a tama\u00f1o natural creadas por Bruno Lehoux y Philippe Gray Lopez desde 1992.<\/span><span style=\"font-weight: 400;\">Inspirada en los gr\u00e1ciles movimientos de los grandes cet\u00e1ceos, esta escultura forma parte de una serie que reproduce la secuencia de inmersi\u00f3n de una ballena jorobada, con su aleta caudal emergiendo majestuosamente de la superficie del oc\u00e9ano antes de regresar a la inmensidad del azul profundo.<\/span><\/p>\n<p><span style=\"font-weight: 400;\"> <\/span><\/p>\n<p>Escultura de mesa de aluminio fundido reciclado, termolacado para que parezca acero corten oxidado texturado. Una alternativa vintage para interiores de aire natural o industrial, que combina bien con la madera.<\/p>\n","protected":false},"excerpt":{"rendered":"<p><span style=\"font-weight: 400;\">Mesa escultura de fundici\u00f3n de aluminio reciclado termolacado <\/span>que imita el acero corten oxidado texturado.<\/p>\n<p>&nbsp;<\/p>\n","protected":false},"featured_media":2892,"template":"","meta":{"_acf_changed":false},"product_brand":[],"product_cat":[72,65],"product_tag":[],"class_list":{"0":"post-3570","1":"product","2":"type-product","3":"status-publish","4":"has-post-thumbnail","6":"product_cat-edicion-oxido","7":"product_cat-esculturas-de-mesa","9":"first","10":"instock","11":"shipping-taxable","12":"purchasable","13":"product-type-simple"},"acf":[],"jetpack_sharing_enabled":true,"_links":{"self":[{"href":"https:\/\/baleadesign.com\/es\/wp-json\/wp\/v2\/product\/3570","targetHints":{"allow":["GET"]}}],"collection":[{"href":"https:\/\/baleadesign.com\/es\/wp-json\/wp\/v2\/product"}],"about":[{"href":"https:\/\/baleadesign.com\/es\/wp-json\/wp\/v2\/types\/product"}],"wp:featuredmedia":[{"embeddable":true,"href":"https:\/\/baleadesign.com\/es\/wp-json\/wp\/v2\/media\/2892"}],"wp:attachment":[{"href":"https:\/\/baleadesign.com\/es\/wp-json\/wp\/v2\/media?parent=3570"}],"wp:term":[{"taxonomy":"product_brand","embeddable":true,"href":"https:\/\/baleadesign.com\/es\/wp-json\/wp\/v2\/product_brand?post=3570"},{"taxonomy":"product_cat","embeddable":true,"href":"https:\/\/baleadesign.com\/es\/wp-json\/wp\/v2\/product_cat?post=3570"},{"taxonomy":"product_tag","embeddable":true,"href":"https:\/\/baleadesign.com\/es\/wp-json\/wp\/v2\/product_tag?post=3570"}],"curies":[{"name":"wp","href":"https:\/\/api.w.org\/{rel}","templated":true}]}}