{"id":3566,"date":"2024-10-15T16:36:33","date_gmt":"2024-10-15T16:36:33","guid":{"rendered":"https:\/\/baleadesign.com\/produit\/percha-baleak-marfil\/"},"modified":"2025-02-19T17:16:11","modified_gmt":"2025-02-19T17:16:11","slug":"percha-baleak-marfil","status":"publish","type":"product","link":"https:\/\/baleadesign.com\/es\/produit\/percha-baleak-marfil\/","title":{"rendered":"Percha Baleak Marfil"},"content":{"rendered":"<p><span style=\"font-weight: 400;\">Una serie de 2 miniaturas funcionales inspiradas en las esculturas monumentales de tama\u00f1o natural creadas por Bruno Lehoux y Philippe Gray Lopez desde 1992, que completan la serie de esculturas de mesa.<\/span><\/p>\n<p><span style=\"font-weight: 400;\">Inspirada en los gr\u00e1ciles movimientos de los grandes cet\u00e1ceos, esta funcional escultura de pared encajar\u00e1 perfectamente en un recibidor, cuarto de ba\u00f1o o zona de piscina para guardar ropa, toallas, albornoces, bolsos o sombreros.<\/span><\/p>\n<p>Escultura de mesa de fundici\u00f3n de aluminio reciclado termolacado marfil texturado.<\/p>\n<p>Es un homenaje a los pescadores de anta\u00f1o que tallaban dientes de cachalote durante los periodos de calma, y al famoso Moby Dick, el gigantesco cachalote blanco que fue el h\u00e9roe de la novela hom\u00f3nima de Hermann Melville.<\/p>\n<p>&nbsp;<\/p>\n","protected":false},"excerpt":{"rendered":"<p>Escultura de mesa de fundici\u00f3n de aluminio reciclado termolacado marfil texturado.<\/p>\n<p>&nbsp;<\/p>\n<p>&nbsp;<\/p>\n","protected":false},"featured_media":2890,"template":"","meta":{"_acf_changed":false},"product_brand":[],"product_cat":[74,76],"product_tag":[],"class_list":{"0":"post-3566","1":"product","2":"type-product","3":"status-publish","4":"has-post-thumbnail","6":"product_cat-edicion-marfil","7":"product_cat-ganchos-para-abrigos","9":"first","10":"instock","11":"shipping-taxable","12":"purchasable","13":"product-type-simple"},"acf":[],"jetpack_sharing_enabled":true,"_links":{"self":[{"href":"https:\/\/baleadesign.com\/es\/wp-json\/wp\/v2\/product\/3566","targetHints":{"allow":["GET"]}}],"collection":[{"href":"https:\/\/baleadesign.com\/es\/wp-json\/wp\/v2\/product"}],"about":[{"href":"https:\/\/baleadesign.com\/es\/wp-json\/wp\/v2\/types\/product"}],"wp:featuredmedia":[{"embeddable":true,"href":"https:\/\/baleadesign.com\/es\/wp-json\/wp\/v2\/media\/2890"}],"wp:attachment":[{"href":"https:\/\/baleadesign.com\/es\/wp-json\/wp\/v2\/media?parent=3566"}],"wp:term":[{"taxonomy":"product_brand","embeddable":true,"href":"https:\/\/baleadesign.com\/es\/wp-json\/wp\/v2\/product_brand?post=3566"},{"taxonomy":"product_cat","embeddable":true,"href":"https:\/\/baleadesign.com\/es\/wp-json\/wp\/v2\/product_cat?post=3566"},{"taxonomy":"product_tag","embeddable":true,"href":"https:\/\/baleadesign.com\/es\/wp-json\/wp\/v2\/product_tag?post=3566"}],"curies":[{"name":"wp","href":"https:\/\/api.w.org\/{rel}","templated":true}]}}