{"id":3559,"date":"2024-10-15T16:41:19","date_gmt":"2024-10-15T16:41:19","guid":{"rendered":"https:\/\/baleadesign.com\/produit\/baleak-003-marfil\/"},"modified":"2025-02-19T17:16:41","modified_gmt":"2025-02-19T17:16:41","slug":"baleak-003-marfil","status":"publish","type":"product","link":"https:\/\/baleadesign.com\/es\/produit\/baleak-003-marfil\/","title":{"rendered":"Baleak 003 Marfil"},"content":{"rendered":"<p><span style=\"font-weight: 400;\">Una serie de 4 miniaturas a escala 1\/10 de las esculturas monumentales a tama\u00f1o natural creadas por Bruno Lehoux y Philippe Gray Lopez desde 1992.<\/span><\/p>\n<p><span style=\"font-weight: 400;\">Inspirada en los gr\u00e1ciles movimientos de los grandes cet\u00e1ceos, esta escultura forma parte de una serie que reproduce la secuencia de inmersi\u00f3n de una ballena jorobada, cuya aleta emerge majestuosamente de la superficie del oc\u00e9ano antes de regresar a la inmensidad del azul profundo.<\/span><\/p>\n<p>Escultura de mesa de fundici\u00f3n de aluminio reciclado termolacado marfil texturado.<\/p>\n<p>Es un homenaje a los pescadores de anta\u00f1o que tallaban dientes de cachalote durante los periodos de calma, y al famoso Moby Dick, el gigantesco cachalote blanco que fue el h\u00e9roe de la novela hom\u00f3nima de Hermann Melville.<\/p>\n","protected":false},"excerpt":{"rendered":"<p>Escultura de mesa de fundici\u00f3n de aluminio reciclado termolacado marfil texturado.<\/p>\n<p>&nbsp;<\/p>\n<p>&nbsp;<\/p>\n","protected":false},"featured_media":2908,"template":"","meta":{"_acf_changed":false},"product_brand":[],"product_cat":[74,65],"product_tag":[],"class_list":{"0":"post-3559","1":"product","2":"type-product","3":"status-publish","4":"has-post-thumbnail","6":"product_cat-edicion-marfil","7":"product_cat-esculturas-de-mesa","9":"first","10":"instock","11":"shipping-taxable","12":"purchasable","13":"product-type-simple"},"acf":[],"jetpack_sharing_enabled":true,"_links":{"self":[{"href":"https:\/\/baleadesign.com\/es\/wp-json\/wp\/v2\/product\/3559","targetHints":{"allow":["GET"]}}],"collection":[{"href":"https:\/\/baleadesign.com\/es\/wp-json\/wp\/v2\/product"}],"about":[{"href":"https:\/\/baleadesign.com\/es\/wp-json\/wp\/v2\/types\/product"}],"wp:featuredmedia":[{"embeddable":true,"href":"https:\/\/baleadesign.com\/es\/wp-json\/wp\/v2\/media\/2908"}],"wp:attachment":[{"href":"https:\/\/baleadesign.com\/es\/wp-json\/wp\/v2\/media?parent=3559"}],"wp:term":[{"taxonomy":"product_brand","embeddable":true,"href":"https:\/\/baleadesign.com\/es\/wp-json\/wp\/v2\/product_brand?post=3559"},{"taxonomy":"product_cat","embeddable":true,"href":"https:\/\/baleadesign.com\/es\/wp-json\/wp\/v2\/product_cat?post=3559"},{"taxonomy":"product_tag","embeddable":true,"href":"https:\/\/baleadesign.com\/es\/wp-json\/wp\/v2\/product_tag?post=3559"}],"curies":[{"name":"wp","href":"https:\/\/api.w.org\/{rel}","templated":true}]}}