{"id":3551,"date":"2024-10-15T16:44:10","date_gmt":"2024-10-15T16:44:10","guid":{"rendered":"https:\/\/baleadesign.com\/produit\/oxido-para-bebes-baleak\/"},"modified":"2025-02-19T17:16:34","modified_gmt":"2025-02-19T17:16:34","slug":"oxido-para-bebes-baleak","status":"publish","type":"product","link":"https:\/\/baleadesign.com\/es\/produit\/oxido-para-bebes-baleak\/","title":{"rendered":"\u00d3xido para beb\u00e9s Baleak"},"content":{"rendered":"<p>S<span style=\"font-weight: 400;\">erie de 4 miniaturas a escala 1\/10 que reproducen las esculturas monumentales a tama\u00f1o natural creadas por Bruno Lehoux y Philippe Gray Lopez desde 1992.<\/span><span style=\"font-weight: 400;\">Inspirada en los gr\u00e1ciles movimientos de los grandes cet\u00e1ceos, esta escultura forma parte de una serie que reproduce la secuencia de inmersi\u00f3n de una ballena jorobada, con su aleta caudal emergiendo majestuosamente de la superficie del oc\u00e9ano antes de regresar a la inmensidad del azul profundo.<\/span><\/p>\n<p>Escultura de mesa de aluminio fundido reciclado, termolacado para que parezca acero corten oxidado texturado. Una alternativa vintage para interiores naturales o industriales que combina bien con la madera.<\/p>\n","protected":false},"excerpt":{"rendered":"<p>Mesa escultura de fundici\u00f3n de aluminio reciclado termolacado que imita el acero corten oxidado texturado.<\/p>\n<p>&nbsp;<\/p>\n<p>&nbsp;<\/p>\n","protected":false},"featured_media":2884,"template":"","meta":{"_acf_changed":false},"product_brand":[],"product_cat":[72,65],"product_tag":[],"class_list":{"0":"post-3551","1":"product","2":"type-product","3":"status-publish","4":"has-post-thumbnail","6":"product_cat-edicion-oxido","7":"product_cat-esculturas-de-mesa","9":"first","10":"instock","11":"shipping-taxable","12":"purchasable","13":"product-type-simple"},"acf":[],"jetpack_sharing_enabled":true,"_links":{"self":[{"href":"https:\/\/baleadesign.com\/es\/wp-json\/wp\/v2\/product\/3551","targetHints":{"allow":["GET"]}}],"collection":[{"href":"https:\/\/baleadesign.com\/es\/wp-json\/wp\/v2\/product"}],"about":[{"href":"https:\/\/baleadesign.com\/es\/wp-json\/wp\/v2\/types\/product"}],"wp:featuredmedia":[{"embeddable":true,"href":"https:\/\/baleadesign.com\/es\/wp-json\/wp\/v2\/media\/2884"}],"wp:attachment":[{"href":"https:\/\/baleadesign.com\/es\/wp-json\/wp\/v2\/media?parent=3551"}],"wp:term":[{"taxonomy":"product_brand","embeddable":true,"href":"https:\/\/baleadesign.com\/es\/wp-json\/wp\/v2\/product_brand?post=3551"},{"taxonomy":"product_cat","embeddable":true,"href":"https:\/\/baleadesign.com\/es\/wp-json\/wp\/v2\/product_cat?post=3551"},{"taxonomy":"product_tag","embeddable":true,"href":"https:\/\/baleadesign.com\/es\/wp-json\/wp\/v2\/product_tag?post=3551"}],"curies":[{"name":"wp","href":"https:\/\/api.w.org\/{rel}","templated":true}]}}