{"id":3543,"date":"2024-10-18T13:48:20","date_gmt":"2024-10-18T13:48:20","guid":{"rendered":"https:\/\/baleadesign.com\/produit\/baleak-002-arte-bronce-azul\/"},"modified":"2025-02-19T17:16:35","modified_gmt":"2025-02-19T17:16:35","slug":"baleak-002-arte-bronce-azul","status":"publish","type":"product","link":"https:\/\/baleadesign.com\/es\/produit\/baleak-002-arte-bronce-azul\/","title":{"rendered":"Baleak 002 Arte Bronce Azul"},"content":{"rendered":"<p><span style=\"font-weight: 400;\">Una serie de 4 miniaturas a escala 1\/10 de las esculturas monumentales a tama\u00f1o natural creadas por Bruno Lehoux y Philippe Gray Lopez desde 1992.<\/span><\/p>\n<p><span style=\"font-weight: 400;\">Inspirada en los gr\u00e1ciles movimientos de los grandes cet\u00e1ceos, esta escultura forma parte de una serie que reproduce la secuencia de inmersi\u00f3n de una ballena jorobada, cuya aleta emerge majestuosamente de la superficie del oc\u00e9ano antes de regresar a la inmensidad del azul profundo.<\/span><\/p>\n<p>Escultura de mesa en bronce art\u00edstico. Numerada 1\/8.  P\u00e1tina azul turquesa encerada. Fundici\u00f3n Angela Stojcew (2021).<\/p>\n<p>Esta lujosa edici\u00f3n utiliza un material intemporal e ic\u00f3nico de la Serie Galer\u00eda que desarrollar\u00e1 una p\u00e1tina con el tiempo.<\/p>\n<p>&nbsp;<\/p>\n","protected":false},"excerpt":{"rendered":"<p>Escultura de mesa en bronce art\u00edstico. Numerada 1\/8.  P\u00e1tina azul turquesa encerada. Fundici\u00f3n Angela Stojcew (2021). <\/p>\n<p>&nbsp;<\/p>\n<p>&nbsp;<\/p>\n","protected":false},"featured_media":2944,"template":"","meta":{"_acf_changed":false},"product_brand":[],"product_cat":[67,65],"product_tag":[],"class_list":{"0":"post-3543","1":"product","2":"type-product","3":"status-publish","4":"has-post-thumbnail","6":"product_cat-arte-en-bronce","7":"product_cat-esculturas-de-mesa","9":"first","10":"instock","11":"shipping-taxable","12":"purchasable","13":"product-type-simple"},"acf":[],"jetpack_sharing_enabled":true,"_links":{"self":[{"href":"https:\/\/baleadesign.com\/es\/wp-json\/wp\/v2\/product\/3543","targetHints":{"allow":["GET"]}}],"collection":[{"href":"https:\/\/baleadesign.com\/es\/wp-json\/wp\/v2\/product"}],"about":[{"href":"https:\/\/baleadesign.com\/es\/wp-json\/wp\/v2\/types\/product"}],"wp:featuredmedia":[{"embeddable":true,"href":"https:\/\/baleadesign.com\/es\/wp-json\/wp\/v2\/media\/2944"}],"wp:attachment":[{"href":"https:\/\/baleadesign.com\/es\/wp-json\/wp\/v2\/media?parent=3543"}],"wp:term":[{"taxonomy":"product_brand","embeddable":true,"href":"https:\/\/baleadesign.com\/es\/wp-json\/wp\/v2\/product_brand?post=3543"},{"taxonomy":"product_cat","embeddable":true,"href":"https:\/\/baleadesign.com\/es\/wp-json\/wp\/v2\/product_cat?post=3543"},{"taxonomy":"product_tag","embeddable":true,"href":"https:\/\/baleadesign.com\/es\/wp-json\/wp\/v2\/product_tag?post=3543"}],"curies":[{"name":"wp","href":"https:\/\/api.w.org\/{rel}","templated":true}]}}