{"id":3537,"date":"2024-10-19T07:15:40","date_gmt":"2024-10-19T07:15:40","guid":{"rendered":"https:\/\/baleadesign.com\/produit\/baleak-003-pan-de-oro\/"},"modified":"2025-02-19T17:16:56","modified_gmt":"2025-02-19T17:16:56","slug":"baleak-003-pan-de-oro","status":"publish","type":"product","link":"https:\/\/baleadesign.com\/es\/produit\/baleak-003-pan-de-oro\/","title":{"rendered":"Baleak 003 pan de oro"},"content":{"rendered":"<p><span style=\"font-weight: 400;\">Una serie de 4 miniaturas a escala 1\/10 de las esculturas monumentales a tama\u00f1o natural creadas por Bruno Lehoux y Philippe Gray Lopez desde 1992.<\/span><\/p>\n<p><span style=\"font-weight: 400;\">Inspirada en los gr\u00e1ciles movimientos de los grandes cet\u00e1ceos, esta escultura forma parte de una serie que reproduce la secuencia de inmersi\u00f3n de una ballena jorobada, cuya aleta emerge majestuosamente de la superficie del oc\u00e9ano antes de regresar a la inmensidad del azul profundo.<\/span><\/p>\n<p>Escultura de mesa en lat\u00f3n fundido pulido. P\u00e1tina \u00fanica de pan de oro de 22 quilates (2018-2019). <\/p>\n<div class=\"page\" title=\"P\u00e1gina 1\">\n<div class=\"section\">\n<div class=\"layoutArea\">\n<div class=\"column\">\n<p>Firmado \u00abLehoux &amp; Lopez\u00bb en el lateral. Vintage \u00a92018 en la parte inferior. <\/p>\n<\/div>\n<\/div>\n<\/div>\n<\/div>\n<p>Esta lujosa edici\u00f3n limitada utiliza una t\u00e9cnica intemporal e ic\u00f3nica de la Serie Galer\u00eda, perfecta para interiores cl\u00e1sicos.<\/p>\n","protected":false},"excerpt":{"rendered":"<p>Escultura de mesa en lat\u00f3n fundido pulido. P\u00e1tina \u00fanica de pan de oro de 22 quilates (2018-2019). <\/p>\n<p>&nbsp;<\/p>\n<p>&nbsp;<\/p>\n","protected":false},"featured_media":2962,"template":"","meta":{"_acf_changed":false},"product_brand":[],"product_cat":[68,65],"product_tag":[],"class_list":{"0":"post-3537","1":"product","2":"type-product","3":"status-publish","4":"has-post-thumbnail","6":"product_cat-dorado-a-la-hoja","7":"product_cat-esculturas-de-mesa","9":"first","10":"instock","11":"shipping-taxable","12":"purchasable","13":"product-type-simple"},"acf":[],"jetpack_sharing_enabled":true,"_links":{"self":[{"href":"https:\/\/baleadesign.com\/es\/wp-json\/wp\/v2\/product\/3537","targetHints":{"allow":["GET"]}}],"collection":[{"href":"https:\/\/baleadesign.com\/es\/wp-json\/wp\/v2\/product"}],"about":[{"href":"https:\/\/baleadesign.com\/es\/wp-json\/wp\/v2\/types\/product"}],"wp:featuredmedia":[{"embeddable":true,"href":"https:\/\/baleadesign.com\/es\/wp-json\/wp\/v2\/media\/2962"}],"wp:attachment":[{"href":"https:\/\/baleadesign.com\/es\/wp-json\/wp\/v2\/media?parent=3537"}],"wp:term":[{"taxonomy":"product_brand","embeddable":true,"href":"https:\/\/baleadesign.com\/es\/wp-json\/wp\/v2\/product_brand?post=3537"},{"taxonomy":"product_cat","embeddable":true,"href":"https:\/\/baleadesign.com\/es\/wp-json\/wp\/v2\/product_cat?post=3537"},{"taxonomy":"product_tag","embeddable":true,"href":"https:\/\/baleadesign.com\/es\/wp-json\/wp\/v2\/product_tag?post=3537"}],"curies":[{"name":"wp","href":"https:\/\/api.w.org\/{rel}","templated":true}]}}