{"id":3536,"date":"2024-10-19T09:17:42","date_gmt":"2024-10-19T09:17:42","guid":{"rendered":"https:\/\/baleadesign.com\/produit\/baleak-001-teca\/"},"modified":"2025-02-19T17:16:55","modified_gmt":"2025-02-19T17:16:55","slug":"baleak-001-teca","status":"publish","type":"product","link":"https:\/\/baleadesign.com\/es\/produit\/baleak-001-teca\/","title":{"rendered":"Baleak 001 Teca"},"content":{"rendered":"<p><span style=\"font-weight: 400;\">Una serie de piezas \u00fanicas con las esculturas monumentales a tama\u00f1o natural creadas por Bruno Lehoux y Philippe Gray Lopez desde 1992.<\/span><\/p>\n<p><span style=\"font-weight: 400;\">Inspirada en los gr\u00e1ciles movimientos de los grandes cet\u00e1ceos, esta escultura forma parte de una serie que reproduce la secuencia de inmersi\u00f3n de una ballena jorobada, cuya aleta emerge majestuosamente de la superficie del oc\u00e9ano antes de regresar a la inmensidad del azul profundo.<\/span><\/p>\n<p>Mesa escultura fabricada con listones de teca reciclada encolados entre s\u00ed y luego tallados. Acabado al aceite Rubio\u00ae ecol\u00f3gico. <\/p>\n<p>Firmado \u00abBALEAK - LEHOUX\u00bb y fechado \u00a92020 en la parte inferior.<\/p>\n<p>Estas piezas \u00fanicas combinan la calidez de la madera pulida con las sensuales curvas de estos grandes mam\u00edferos marinos.<\/p>\n<p>&nbsp;<\/p>\n","protected":false},"excerpt":{"rendered":"<p>Mesa escultura fabricada con listones de teca reciclada encolados entre s\u00ed y luego tallados. Acabado al aceite Rubio\u00ae ecol\u00f3gico. <\/p>\n","protected":false},"featured_media":2978,"template":"","meta":{"_acf_changed":false},"product_brand":[],"product_cat":[65,71],"product_tag":[],"class_list":{"0":"post-3536","1":"product","2":"type-product","3":"status-publish","4":"has-post-thumbnail","6":"product_cat-esculturas-de-mesa","7":"product_cat-madera","9":"first","10":"instock","11":"shipping-taxable","12":"purchasable","13":"product-type-simple"},"acf":[],"jetpack_sharing_enabled":true,"_links":{"self":[{"href":"https:\/\/baleadesign.com\/es\/wp-json\/wp\/v2\/product\/3536","targetHints":{"allow":["GET"]}}],"collection":[{"href":"https:\/\/baleadesign.com\/es\/wp-json\/wp\/v2\/product"}],"about":[{"href":"https:\/\/baleadesign.com\/es\/wp-json\/wp\/v2\/types\/product"}],"wp:featuredmedia":[{"embeddable":true,"href":"https:\/\/baleadesign.com\/es\/wp-json\/wp\/v2\/media\/2978"}],"wp:attachment":[{"href":"https:\/\/baleadesign.com\/es\/wp-json\/wp\/v2\/media?parent=3536"}],"wp:term":[{"taxonomy":"product_brand","embeddable":true,"href":"https:\/\/baleadesign.com\/es\/wp-json\/wp\/v2\/product_brand?post=3536"},{"taxonomy":"product_cat","embeddable":true,"href":"https:\/\/baleadesign.com\/es\/wp-json\/wp\/v2\/product_cat?post=3536"},{"taxonomy":"product_tag","embeddable":true,"href":"https:\/\/baleadesign.com\/es\/wp-json\/wp\/v2\/product_tag?post=3536"}],"curies":[{"name":"wp","href":"https:\/\/api.w.org\/{rel}","templated":true}]}}